{"id":2174,"date":"2020-10-21T19:25:05","date_gmt":"2020-10-21T17:25:05","guid":{"rendered":"https:\/\/forestalponent.com\/contactar\/"},"modified":"2025-12-31T13:14:59","modified_gmt":"2025-12-31T12:14:59","slug":"contactar","status":"publish","type":"page","link":"https:\/\/forestalponent.com\/es\/contactar\/","title":{"rendered":"Contactar"},"content":{"rendered":"<div class=\"fusion-fullwidth fullwidth-box fusion-builder-row-1 fusion-flex-container has-pattern-background has-mask-background nonhundred-percent-fullwidth non-hundred-percent-height-scrolling\" style=\"--link_hover_color: var(--awb-color7);--link_color: var(--awb-color5);--awb-border-radius-top-left:0px;--awb-border-radius-top-right:0px;--awb-border-radius-bottom-right:0px;--awb-border-radius-bottom-left:0px;--awb-padding-top:100px;--awb-padding-bottom:100px;--awb-flex-wrap:wrap;\" ><div class=\"fusion-builder-row fusion-row fusion-flex-align-items-flex-start fusion-flex-justify-content-center fusion-flex-content-wrap\" style=\"max-width:1365px;margin-left: calc(-5% \/ 2 );margin-right: calc(-5% \/ 2 );\"><div class=\"fusion-layout-column fusion_builder_column fusion-builder-column-0 fusion_builder_column_4_5 4_5 fusion-flex-column fusion-animated\" style=\"--awb-bg-size:cover;--awb-width-large:80%;--awb-margin-top-large:0px;--awb-spacing-right-large:2.96875%;--awb-margin-bottom-large:20px;--awb-spacing-left-large:2.96875%;--awb-width-medium:80%;--awb-order-medium:0;--awb-spacing-right-medium:2.96875%;--awb-spacing-left-medium:2.96875%;--awb-width-small:100%;--awb-order-small:0;--awb-spacing-right-small:2.375%;--awb-spacing-left-small:2.375%;\" data-animationType=\"fadeInUp\" data-animationDuration=\"1.5\" data-animationDelay=\"0.6\" data-animationOffset=\"top-into-view\"><div class=\"fusion-column-wrapper fusion-column-has-shadow fusion-flex-justify-content-flex-start fusion-content-layout-column\"><div class=\"fusion-text fusion-text-1 fusion-text-no-margin\" style=\"--awb-content-alignment:center;--awb-font-size:var(--awb-typography2-font-size);--awb-line-height:1.3;--awb-letter-spacing:var(--awb-typography2-letter-spacing);--awb-text-transform:uppercase;--awb-text-color:var(--awb-color5);--awb-margin-bottom:0px;--awb-text-font-family:var(--awb-typography2-font-family);--awb-text-font-weight:var(--awb-typography2-font-weight);--awb-text-font-style:var(--awb-typography2-font-style);\"><p>Asesoramiento profesional en ingenier\u00eda forestal<\/p>\n<\/div><div class=\"fusion-title title fusion-title-1 fusion-sep-none fusion-title-center fusion-title-text fusion-title-size-two\" style=\"--awb-text-color:var(--awb-color8);--awb-margin-bottom:1.5vw;--awb-margin-bottom-small:40px;\"><h2 class=\"fusion-title-heading title-heading-center\" style=\"margin:0;\">Contacta con nosotros<\/h2><\/div><div class=\"fusion-text fusion-text-2\" style=\"--awb-content-alignment:center;\"><div class=\"text-base my-auto mx-auto pb-10 &#091;--thread-content-margin:--spacing(4)&#093; @w-sm\/main:&#091;--thread-content-margin:--spacing(6)&#093; @w-lg\/main:&#091;--thread-content-margin:--spacing(16)&#093; px-(--thread-content-margin)\">\n<div class=\"&#091;--thread-content-max-width:40rem&#093; @w-lg\/main:&#091;--thread-content-max-width:48rem&#093; mx-auto max-w-(--thread-content-max-width) flex-1 group\/turn-messages focus-visible:outline-hidden relative flex w-full min-w-0 flex-col agent-turn\" tabindex=\"-1\">\n<div class=\"flex max-w-full flex-col grow\">\n<div class=\"min-h-8 text-message relative flex w-full flex-col items-end gap-2 text-start break-words whitespace-normal &#091;.text-message+&amp;&#093;:mt-1\" dir=\"auto\" data-message-author-role=\"assistant\" data-message-id=\"0519bfd3-8aab-446c-945d-20530110cc96\" data-message-model-slug=\"gpt-5-mini\">\n<div class=\"flex w-full flex-col gap-1 empty:hidden first:pt-&#091;1px&#093;\">\n<div class=\"markdown prose dark:prose-invert w-full break-words dark markdown-new-styling\">\n<p data-start=\"0\" data-end=\"316\">En <strong data-start=\"2\" data-end=\"25\">Forestal Ponent<\/strong> estamos a tu disposici\u00f3n para resolver cualquier duda relacionada con la <strong data-start=\"100\" data-end=\"119\">gesti\u00f3n forestal<\/strong>, la <strong data-start=\"124\" data-end=\"159\">redacci\u00f3n de proyectos forestales<\/strong>, los <strong data-start=\"165\" data-end=\"184\">planes de gesti\u00f3n<\/strong> o las <strong data-start=\"191\" data-end=\"223\">tramitaciones administrativas<\/strong>. Ofrecemos un <strong data-start=\"235\" data-end=\"259\">asesoramiento t\u00e9cnico<\/strong> cercano, claro y adaptado a las necesidades de cada cliente.<\/p>\n<p data-start=\"318\" data-end=\"578\" data-is-last-node=\"\" data-is-only-node=\"\">Si eres <strong data-start=\"325\" data-end=\"348\">propietario forestal<\/strong>, formas parte de una <strong data-start=\"368\" data-end=\"393\">administraci\u00f3n p\u00fablica<\/strong> o representas a una <strong data-start=\"412\" data-end=\"423\">empresa <\/strong>vinculada al sector forestal o ambiental, puedes contactar con nosotros sin compromiso. Analizaremos tu caso y te ofreceremos la mejor <strong data-start=\"558\" data-end=\"577\">soluci\u00f3n t\u00e9cnica<\/strong>.<\/p>\n<\/div>\n<\/div>\n<\/div>\n<\/div>\n<\/div>\n<\/div>\n<\/div><\/div><\/div><div class=\"fusion-layout-column fusion_builder_column fusion-builder-column-1 fusion_builder_column_1_4 1_4 fusion-flex-column fusion-animated\" style=\"--awb-padding-top:30px;--awb-padding-right:20px;--awb-padding-bottom:30px;--awb-padding-left:20px;--awb-padding-top-small:9vw;--awb-padding-right-small:4vw;--awb-padding-bottom-small:9vw;--awb-padding-left-small:4vw;--awb-overflow:hidden;--awb-bg-color:var(--awb-color5);--awb-bg-color-hover:var(--awb-color5);--awb-bg-size:cover;--awb-border-radius:6px 6px 6px 6px;--awb-transform:translateY(0px);--awb-transform-hover:translateY(-10px);--awb-width-large:25%;--awb-margin-top-large:0px;--awb-spacing-right-large:25px;--awb-margin-bottom-large:30px;--awb-spacing-left-large:25px;--awb-width-medium:40%;--awb-order-medium:0;--awb-spacing-right-medium:25px;--awb-spacing-left-medium:25px;--awb-width-small:100%;--awb-order-small:0;--awb-spacing-right-small:2.375%;--awb-margin-bottom-small:6vw;--awb-spacing-left-small:2.375%;\" data-animationType=\"fadeInUp\" data-animationDuration=\"1.5\" data-animationDelay=\"1.0\" data-animationOffset=\"top-into-view\"><div class=\"fusion-column-wrapper fusion-column-has-shadow fusion-flex-justify-content-center fusion-content-layout-column\"><i class=\"fb-icon-element-1 fb-icon-element fontawesome-icon fa-phone-alt fas circle-no\" style=\"--awb-font-size:39px;--awb-align-self:center;--awb-margin-top:0px;--awb-margin-right:0px;--awb-margin-bottom:20px;--awb-margin-left:0px;\"><\/i><div class=\"fusion-title title fusion-title-2 fusion-sep-none fusion-title-center fusion-title-text fusion-title-size-three\" style=\"--awb-text-color:var(--awb-color1);--awb-font-size:24px;\"><h3 class=\"fusion-title-heading title-heading-center\" style=\"margin:0;font-size:1em;\">Tel\u00e9fono<\/h3><\/div><div class=\"fusion-text fusion-text-3\" style=\"--awb-content-alignment:center;--awb-font-size:14px;--awb-text-color:var(--awb-color1);\"><p><a style=\"color: white;\" href=\"tel:689331469\">689 331 469<\/a><\/p>\n<\/div><\/div><\/div><div class=\"fusion-layout-column fusion_builder_column fusion-builder-column-2 fusion_builder_column_1_4 1_4 fusion-flex-column fusion-animated\" style=\"--awb-padding-top:30px;--awb-padding-right:20px;--awb-padding-bottom:30px;--awb-padding-left:20px;--awb-padding-top-small:9vw;--awb-padding-right-small:4vw;--awb-padding-bottom-small:9vw;--awb-padding-left-small:4vw;--awb-overflow:hidden;--awb-bg-color:hsla(var(--awb-color5-h),calc(var(--awb-color5-s) + 33%),var(--awb-color5-l),var(--awb-color5-a));--awb-bg-color-hover:hsla(var(--awb-color5-h),calc(var(--awb-color5-s) + 33%),var(--awb-color5-l),var(--awb-color5-a));--awb-bg-size:cover;--awb-border-radius:6px 6px 6px 6px;--awb-transform:translateY(0px);--awb-transform-hover:translateY(-10px);--awb-width-large:25%;--awb-margin-top-large:0px;--awb-spacing-right-large:25px;--awb-margin-bottom-large:30px;--awb-spacing-left-large:25px;--awb-width-medium:40%;--awb-order-medium:0;--awb-spacing-right-medium:25px;--awb-spacing-left-medium:25px;--awb-width-small:100%;--awb-order-small:0;--awb-spacing-right-small:2.375%;--awb-margin-bottom-small:6vw;--awb-spacing-left-small:2.375%;\" data-animationType=\"fadeInUp\" data-animationDuration=\"1.5\" data-animationDelay=\"1.2\" data-animationOffset=\"top-into-view\"><div class=\"fusion-column-wrapper fusion-column-has-shadow fusion-flex-justify-content-center fusion-content-layout-column\"><i class=\"fb-icon-element-2 fb-icon-element fontawesome-icon fa-envelope-open fas circle-no\" style=\"--awb-font-size:39px;--awb-align-self:center;--awb-margin-top:0px;--awb-margin-right:0px;--awb-margin-bottom:20px;--awb-margin-left:0px;\"><\/i><div class=\"fusion-title title fusion-title-3 fusion-sep-none fusion-title-center fusion-title-text fusion-title-size-three\" style=\"--awb-text-color:var(--awb-color1);--awb-font-size:24px;\"><h3 class=\"fusion-title-heading title-heading-center\" style=\"margin:0;font-size:1em;\">Correo electr\u00f3nico<\/h3><\/div><div class=\"fusion-text fusion-text-4\" style=\"--awb-content-alignment:center;--awb-font-size:14px;--awb-text-color:var(--awb-color1);\"><p><a style=\"color: white;\" href=\"mailto:administracio@forestalponent.com\">administracio@forestalponent.com<\/a><\/p>\n<\/div><\/div><\/div><div class=\"fusion-layout-column fusion_builder_column fusion-builder-column-3 fusion_builder_column_1_4 1_4 fusion-flex-column fusion-animated\" style=\"--awb-padding-top:30px;--awb-padding-right:20px;--awb-padding-bottom:30px;--awb-padding-left:20px;--awb-padding-top-small:9vw;--awb-padding-right-small:4vw;--awb-padding-bottom-small:9vw;--awb-padding-left-small:4vw;--awb-overflow:hidden;--awb-bg-color:var(--awb-color6);--awb-bg-color-hover:var(--awb-color6);--awb-bg-size:cover;--awb-border-radius:6px 6px 6px 6px;--awb-transform:translateY(0px);--awb-transform-hover:translateY(-10px);--awb-width-large:25%;--awb-margin-top-large:0px;--awb-spacing-right-large:25px;--awb-margin-bottom-large:30px;--awb-spacing-left-large:25px;--awb-width-medium:40%;--awb-order-medium:0;--awb-spacing-right-medium:25px;--awb-spacing-left-medium:25px;--awb-width-small:100%;--awb-order-small:0;--awb-spacing-right-small:2.375%;--awb-margin-bottom-small:6vw;--awb-spacing-left-small:2.375%;\" data-animationType=\"fadeInUp\" data-animationDuration=\"1.5\" data-animationDelay=\"1.4\" data-animationOffset=\"top-into-view\"><div class=\"fusion-column-wrapper fusion-column-has-shadow fusion-flex-justify-content-center fusion-content-layout-column\"><i class=\"fb-icon-element-3 fb-icon-element fontawesome-icon fa-map-marker-alt fas circle-no\" style=\"--awb-font-size:39px;--awb-align-self:center;--awb-margin-top:0px;--awb-margin-right:0px;--awb-margin-bottom:20px;--awb-margin-left:0px;\"><\/i><div class=\"fusion-title title fusion-title-4 fusion-sep-none fusion-title-center fusion-title-text fusion-title-size-three\" style=\"--awb-text-color:var(--awb-color1);--awb-font-size:24px;\"><h3 class=\"fusion-title-heading title-heading-center\" style=\"margin:0;font-size:1em;\">\u00bfD\u00f3nde nos encontramos?<\/h3><\/div><div class=\"fusion-text fusion-text-5\" style=\"--awb-content-alignment:center;--awb-font-size:14px;--awb-text-color:var(--awb-color1);\"><p><a style=\"color: white;\" href=\"https:\/\/maps.app.goo.gl\/WJJHfN2JJghLcGo87\" target=\"_blank\" rel=\"noopener\">C\/ Sant Pere 1, Balaguer<\/a><\/p>\n<\/div><\/div><\/div><div class=\"fusion-layout-column fusion_builder_column fusion-builder-column-4 fusion_builder_column_1_1 1_1 fusion-flex-column fusion-animated\" style=\"--awb-padding-top:40px;--awb-bg-size:cover;--awb-width-large:100%;--awb-margin-top-large:0px;--awb-spacing-right-large:2.375%;--awb-margin-bottom-large:20px;--awb-spacing-left-large:2.375%;--awb-width-medium:100%;--awb-order-medium:0;--awb-spacing-right-medium:2.375%;--awb-spacing-left-medium:2.375%;--awb-width-small:100%;--awb-order-small:0;--awb-spacing-right-small:2.375%;--awb-spacing-left-small:2.375%;\" data-animationType=\"fadeInUp\" data-animationDuration=\"1.5\" data-animationDelay=\"1.0\" data-animationOffset=\"top-into-view\"><div class=\"fusion-column-wrapper fusion-column-has-shadow fusion-flex-justify-content-flex-start fusion-content-layout-column\">\n<div class=\"wpcf7 no-js\" id=\"wpcf7-f2222-o1\" lang=\"es-ES\" dir=\"ltr\" data-wpcf7-id=\"2222\">\n<div class=\"screen-reader-response\"><p role=\"status\" aria-live=\"polite\" aria-atomic=\"true\"><\/p> <ul><\/ul><\/div>\n<form action=\"\/es\/wp-json\/wp\/v2\/pages\/2174#wpcf7-f2222-o1\" method=\"post\" class=\"wpcf7-form init\" aria-label=\"Formulario de contacto\" novalidate=\"novalidate\" data-status=\"init\">\n<fieldset class=\"hidden-fields-container\"><input type=\"hidden\" name=\"_wpcf7\" value=\"2222\" \/><input type=\"hidden\" name=\"_wpcf7_version\" value=\"6.1.4\" \/><input type=\"hidden\" name=\"_wpcf7_locale\" value=\"es_ES\" \/><input type=\"hidden\" name=\"_wpcf7_unit_tag\" value=\"wpcf7-f2222-o1\" \/><input type=\"hidden\" name=\"_wpcf7_container_post\" value=\"0\" \/><input type=\"hidden\" name=\"_wpcf7_posted_data_hash\" value=\"\" \/><input type=\"hidden\" name=\"_wpcf7_recaptcha_response\" value=\"\" \/>\n<\/fieldset>\n<div style=\"display:flex\">\n\t<div style=\"width:49%;margin-right:10px;\">\n\t\t<p><label><b>Nombre y apellido<\/b><br \/>\n<span class=\"wpcf7-form-control-wrap\" data-name=\"your-name\"><input size=\"40\" maxlength=\"400\" class=\"wpcf7-form-control wpcf7-text wpcf7-validates-as-required\" aria-required=\"true\" aria-invalid=\"false\" value=\"\" type=\"text\" name=\"your-name\" \/><\/span> <\/label>\n\t\t<\/p>\n\t<\/div>\n\t<div style=\"width:49%;margin-left:10px;\">\n\t\t<p><label><b>Asunto<\/b><br \/>\n<span class=\"wpcf7-form-control-wrap\" data-name=\"your-subject\"><input size=\"40\" maxlength=\"400\" class=\"wpcf7-form-control wpcf7-text wpcf7-validates-as-required\" aria-required=\"true\" aria-invalid=\"false\" value=\"\" type=\"text\" name=\"your-subject\" \/><\/span> <\/label>\n\t\t<\/p>\n\t<\/div>\n<\/div>\n<div style=\"display:flex\">\n\t<div style=\"width:49%;margin-right:10px;\">\n\t\t<p><label><b>Direcci\u00f3n electr\u00f3nica<\/b><br \/>\n<span class=\"wpcf7-form-control-wrap\" data-name=\"your-email\"><input size=\"40\" maxlength=\"400\" class=\"wpcf7-form-control wpcf7-email wpcf7-validates-as-required wpcf7-text wpcf7-validates-as-email\" aria-required=\"true\" aria-invalid=\"false\" value=\"\" type=\"email\" name=\"your-email\" \/><\/span> <\/label>\n\t\t<\/p>\n\t<\/div>\n\t<div style=\"width:49%;margin-left:10px;\">\n\t\t<p><label><b>Tel\u00e9fono<\/b><br \/>\n<span class=\"wpcf7-form-control-wrap\" data-name=\"tel-250\"><input size=\"40\" maxlength=\"400\" class=\"wpcf7-form-control wpcf7-tel wpcf7-validates-as-required wpcf7-text wpcf7-validates-as-tel\" aria-required=\"true\" aria-invalid=\"false\" value=\"\" type=\"tel\" name=\"tel-250\" \/><\/span> <\/label>\n\t\t<\/p>\n\t<\/div>\n<\/div>\n<div style=\"display:flex\">\n\t<div style=\"width:49%;margin-right:10px;\">\n\t\t<p><label style=\"width:100%;\"><b>\u00bfQu\u00e9 necesitas?<\/b><br \/>\n<span class=\"wpcf7-form-control-wrap\" data-name=\"menu-26\"><select class=\"wpcf7-form-control wpcf7-select wpcf7-validates-as-required\" aria-required=\"true\" aria-invalid=\"false\" name=\"menu-26\"><option value=\"Informaci\u00f3n\">Informaci\u00f3n<\/option><option value=\"Duda\">Duda<\/option><option value=\"Consulta\">Consulta<\/option><option value=\"Servicio\">Servicio<\/option><\/select><\/span> <\/label>\n\t\t<\/p>\n\t<\/div>\n\t<div style=\"width:49%;margin-left:10px;\">\n\t\t<p><label style=\"width:100%;\"><b>\u00bfQu\u00e9 servicio? S\u00f3lo si has escogido servicio<\/b><br \/>\n<span class=\"wpcf7-form-control-wrap\" data-name=\"menu-447\"><select class=\"wpcf7-form-control wpcf7-select wpcf7-validates-as-required\" aria-required=\"true\" aria-invalid=\"false\" name=\"menu-447\"><option value=\"-\">-<\/option><option value=\"Planificaci\u00f3n forestal\">Planificaci\u00f3n forestal<\/option><option value=\"Direcci\u00f3n de obras forestales\">Direcci\u00f3n de obras forestales<\/option><option value=\"Estudios t\u00e9cnicos y consultor\u00eda\">Estudios t\u00e9cnicos y consultor\u00eda<\/option><option value=\"Gesti\u00f3n administrativa forestal\">Gesti\u00f3n administrativa forestal<\/option><option value=\"Ayudas y subvenciones\">Ayudas y subvenciones<\/option><option value=\"Certificaci\u00f3n forestal\">Certificaci\u00f3n forestal<\/option><\/select><\/span> <\/label>\n\t\t<\/p>\n\t<\/div>\n<\/div>\n<p><label><b>Mensaje<\/b><br \/>\n<span class=\"wpcf7-form-control-wrap\" data-name=\"your-message\"><textarea cols=\"40\" rows=\"10\" maxlength=\"2000\" class=\"wpcf7-form-control wpcf7-textarea\" aria-invalid=\"false\" name=\"your-message\"><\/textarea><\/span> <\/label>\n<\/p>\n<p><span class=\"wpcf7-form-control-wrap\" data-name=\"acceptance-58\"><span class=\"wpcf7-form-control wpcf7-acceptance\"><span class=\"wpcf7-list-item\"><input type=\"checkbox\" name=\"acceptance-58\" value=\"1\" aria-invalid=\"false\" \/><\/span><\/span><\/span><label>He le\u00eddo y acepto la <a href=\"\/politica-de-privadesa\">pol\u00edtica de privacidad<\/a> y el <a href=\"\/avis-legal\">aviso legal<\/a><\/label>\n<\/p>\n<p><input class=\"wpcf7-form-control wpcf7-submit has-spinner\" type=\"submit\" value=\"Enviar\" \/>\n<\/p><p style=\"display: none !important;\" class=\"akismet-fields-container\" data-prefix=\"_wpcf7_ak_\"><label>&#916;<textarea name=\"_wpcf7_ak_hp_textarea\" cols=\"45\" rows=\"8\" maxlength=\"100\"><\/textarea><\/label><input type=\"hidden\" id=\"ak_js_1\" name=\"_wpcf7_ak_js\" value=\"185\"\/><script>document.getElementById( \"ak_js_1\" ).setAttribute( \"value\", ( new Date() ).getTime() );<\/script><\/p><div class=\"fusion-alert alert custom alert-custom fusion-alert-center wpcf7-response-output awb-alert-native-link-color alert-dismissable awb-alert-close-boxed\" style=\"--awb-border-size:1px;--awb-border-top-left-radius:0px;--awb-border-top-right-radius:0px;--awb-border-bottom-left-radius:0px;--awb-border-bottom-right-radius:0px;\" role=\"alert\"><div class=\"fusion-alert-content-wrapper\"><span class=\"fusion-alert-content\"><\/span><\/div><button type=\"button\" class=\"close toggle-alert\" data-dismiss=\"alert\" aria-label=\"Close\">&times;<\/button><\/div>\n<\/form>\n<\/div>\n<\/div><\/div><\/div><\/div>\n","protected":false},"excerpt":{"rendered":"","protected":false},"author":1,"featured_media":0,"parent":0,"menu_order":0,"comment_status":"closed","ping_status":"closed","template":"100-width.php","meta":{"footnotes":""},"class_list":["post-2174","page","type-page","status-publish","hentry"],"yoast_head":"<!-- This site is optimized with the Yoast SEO plugin v26.6 - https:\/\/yoast.com\/wordpress\/plugins\/seo\/ -->\n<title>Contactar | Tramitaciones administrativas \u2013 Forestal Ponent<\/title>\n<meta name=\"description\" content=\"Contacta con Forestal Ponent para recibir asesoramiento t\u00e9cnico, realizar tr\u00e1mites administrativos o resolver dudas en materia de gesti\u00f3n forestal.\" \/>\n<meta name=\"robots\" content=\"index, follow, max-snippet:-1, max-image-preview:large, max-video-preview:-1\" \/>\n<link rel=\"canonical\" href=\"https:\/\/forestalponent.com\/es\/contactar\/\" \/>\n<meta property=\"og:locale\" content=\"es_ES\" \/>\n<meta property=\"og:type\" content=\"article\" \/>\n<meta property=\"og:title\" content=\"Contactar | Tramitaciones administrativas \u2013 Forestal Ponent\" \/>\n<meta property=\"og:description\" content=\"Contacta con Forestal Ponent para recibir asesoramiento t\u00e9cnico, realizar tr\u00e1mites administrativos o resolver dudas en materia de gesti\u00f3n forestal.\" \/>\n<meta property=\"og:url\" content=\"https:\/\/forestalponent.com\/es\/contactar\/\" \/>\n<meta property=\"og:site_name\" content=\"FORESTAL PONENT\" \/>\n<meta property=\"article:modified_time\" content=\"2025-12-31T12:14:59+00:00\" \/>\n<meta name=\"twitter:card\" content=\"summary_large_image\" \/>\n<meta name=\"twitter:label1\" content=\"Tiempo de lectura\" \/>\n\t<meta name=\"twitter:data1\" content=\"1 minuto\" \/>\n<script type=\"application\/ld+json\" class=\"yoast-schema-graph\">{\"@context\":\"https:\/\/schema.org\",\"@graph\":[{\"@type\":\"WebPage\",\"@id\":\"https:\/\/forestalponent.com\/es\/contactar\/\",\"url\":\"https:\/\/forestalponent.com\/es\/contactar\/\",\"name\":\"Contactar | Tramitaciones administrativas \u2013 Forestal Ponent\",\"isPartOf\":{\"@id\":\"https:\/\/forestalponent.com\/es\/#website\"},\"datePublished\":\"2020-10-21T17:25:05+00:00\",\"dateModified\":\"2025-12-31T12:14:59+00:00\",\"description\":\"Contacta con Forestal Ponent para recibir asesoramiento t\u00e9cnico, realizar tr\u00e1mites administrativos o resolver dudas en materia de gesti\u00f3n forestal.\",\"breadcrumb\":{\"@id\":\"https:\/\/forestalponent.com\/es\/contactar\/#breadcrumb\"},\"inLanguage\":\"es\",\"potentialAction\":[{\"@type\":\"ReadAction\",\"target\":[\"https:\/\/forestalponent.com\/es\/contactar\/\"]}]},{\"@type\":\"BreadcrumbList\",\"@id\":\"https:\/\/forestalponent.com\/es\/contactar\/#breadcrumb\",\"itemListElement\":[{\"@type\":\"ListItem\",\"position\":1,\"name\":\"Portada\",\"item\":\"https:\/\/forestalponent.com\/es\/forestal-ponent-ingenieria-forestal\/\"},{\"@type\":\"ListItem\",\"position\":2,\"name\":\"Contactar\"}]},{\"@type\":\"WebSite\",\"@id\":\"https:\/\/forestalponent.com\/es\/#website\",\"url\":\"https:\/\/forestalponent.com\/es\/\",\"name\":\"FORESTAL PONENT\",\"description\":\"Serveis d&#039;Enginyeria Forestal\",\"potentialAction\":[{\"@type\":\"SearchAction\",\"target\":{\"@type\":\"EntryPoint\",\"urlTemplate\":\"https:\/\/forestalponent.com\/es\/?s={search_term_string}\"},\"query-input\":{\"@type\":\"PropertyValueSpecification\",\"valueRequired\":true,\"valueName\":\"search_term_string\"}}],\"inLanguage\":\"es\"}]}<\/script>\n<!-- \/ Yoast SEO plugin. -->","yoast_head_json":{"title":"Contactar | Tramitaciones administrativas \u2013 Forestal Ponent","description":"Contacta con Forestal Ponent para recibir asesoramiento t\u00e9cnico, realizar tr\u00e1mites administrativos o resolver dudas en materia de gesti\u00f3n forestal.","robots":{"index":"index","follow":"follow","max-snippet":"max-snippet:-1","max-image-preview":"max-image-preview:large","max-video-preview":"max-video-preview:-1"},"canonical":"https:\/\/forestalponent.com\/es\/contactar\/","og_locale":"es_ES","og_type":"article","og_title":"Contactar | Tramitaciones administrativas \u2013 Forestal Ponent","og_description":"Contacta con Forestal Ponent para recibir asesoramiento t\u00e9cnico, realizar tr\u00e1mites administrativos o resolver dudas en materia de gesti\u00f3n forestal.","og_url":"https:\/\/forestalponent.com\/es\/contactar\/","og_site_name":"FORESTAL PONENT","article_modified_time":"2025-12-31T12:14:59+00:00","twitter_card":"summary_large_image","twitter_misc":{"Tiempo de lectura":"1 minuto"},"schema":{"@context":"https:\/\/schema.org","@graph":[{"@type":"WebPage","@id":"https:\/\/forestalponent.com\/es\/contactar\/","url":"https:\/\/forestalponent.com\/es\/contactar\/","name":"Contactar | Tramitaciones administrativas \u2013 Forestal Ponent","isPartOf":{"@id":"https:\/\/forestalponent.com\/es\/#website"},"datePublished":"2020-10-21T17:25:05+00:00","dateModified":"2025-12-31T12:14:59+00:00","description":"Contacta con Forestal Ponent para recibir asesoramiento t\u00e9cnico, realizar tr\u00e1mites administrativos o resolver dudas en materia de gesti\u00f3n forestal.","breadcrumb":{"@id":"https:\/\/forestalponent.com\/es\/contactar\/#breadcrumb"},"inLanguage":"es","potentialAction":[{"@type":"ReadAction","target":["https:\/\/forestalponent.com\/es\/contactar\/"]}]},{"@type":"BreadcrumbList","@id":"https:\/\/forestalponent.com\/es\/contactar\/#breadcrumb","itemListElement":[{"@type":"ListItem","position":1,"name":"Portada","item":"https:\/\/forestalponent.com\/es\/forestal-ponent-ingenieria-forestal\/"},{"@type":"ListItem","position":2,"name":"Contactar"}]},{"@type":"WebSite","@id":"https:\/\/forestalponent.com\/es\/#website","url":"https:\/\/forestalponent.com\/es\/","name":"FORESTAL PONENT","description":"Serveis d&#039;Enginyeria Forestal","potentialAction":[{"@type":"SearchAction","target":{"@type":"EntryPoint","urlTemplate":"https:\/\/forestalponent.com\/es\/?s={search_term_string}"},"query-input":{"@type":"PropertyValueSpecification","valueRequired":true,"valueName":"search_term_string"}}],"inLanguage":"es"}]}},"_links":{"self":[{"href":"https:\/\/forestalponent.com\/es\/wp-json\/wp\/v2\/pages\/2174","targetHints":{"allow":["GET"]}}],"collection":[{"href":"https:\/\/forestalponent.com\/es\/wp-json\/wp\/v2\/pages"}],"about":[{"href":"https:\/\/forestalponent.com\/es\/wp-json\/wp\/v2\/types\/page"}],"author":[{"embeddable":true,"href":"https:\/\/forestalponent.com\/es\/wp-json\/wp\/v2\/users\/1"}],"replies":[{"embeddable":true,"href":"https:\/\/forestalponent.com\/es\/wp-json\/wp\/v2\/comments?post=2174"}],"version-history":[{"count":4,"href":"https:\/\/forestalponent.com\/es\/wp-json\/wp\/v2\/pages\/2174\/revisions"}],"predecessor-version":[{"id":2281,"href":"https:\/\/forestalponent.com\/es\/wp-json\/wp\/v2\/pages\/2174\/revisions\/2281"}],"wp:attachment":[{"href":"https:\/\/forestalponent.com\/es\/wp-json\/wp\/v2\/media?parent=2174"}],"curies":[{"name":"wp","href":"https:\/\/api.w.org\/{rel}","templated":true}]}}