{"id":2177,"date":"2025-12-11T17:46:48","date_gmt":"2025-12-11T16:46:48","guid":{"rendered":"https:\/\/forestalponent.com\/preguntas-frecuentes\/"},"modified":"2025-12-30T13:34:14","modified_gmt":"2025-12-30T12:34:14","slug":"preguntas-frecuentes","status":"publish","type":"page","link":"https:\/\/forestalponent.com\/es\/preguntas-frecuentes\/","title":{"rendered":"Preguntas frecuentes"},"content":{"rendered":"<div class=\"fusion-fullwidth fullwidth-box fusion-builder-row-1 fusion-flex-container nonhundred-percent-fullwidth non-hundred-percent-height-scrolling\" style=\"--awb-border-radius-top-left:0px;--awb-border-radius-top-right:0px;--awb-border-radius-bottom-right:0px;--awb-border-radius-bottom-left:0px;--awb-flex-wrap:wrap;\" ><div class=\"fusion-builder-row fusion-row fusion-flex-align-items-flex-start fusion-flex-content-wrap\" style=\"max-width:1365px;margin-left: calc(-5% \/ 2 );margin-right: calc(-5% \/ 2 );\"><div class=\"fusion-layout-column fusion_builder_column fusion-builder-column-0 fusion_builder_column_1_1 1_1 fusion-flex-column fusion-animated\" style=\"--awb-bg-size:cover;--awb-width-large:100%;--awb-margin-top-large:0px;--awb-spacing-right-large:2.375%;--awb-margin-bottom-large:20px;--awb-spacing-left-large:2.375%;--awb-width-medium:100%;--awb-order-medium:0;--awb-spacing-right-medium:2.375%;--awb-spacing-left-medium:2.375%;--awb-width-small:100%;--awb-order-small:0;--awb-spacing-right-small:2.375%;--awb-spacing-left-small:2.375%;\" data-animationType=\"fadeInUp\" data-animationDuration=\"1.5\" data-animationDelay=\"0.8\" data-animationOffset=\"top-into-view\"><div class=\"fusion-column-wrapper fusion-column-has-shadow fusion-flex-justify-content-flex-start fusion-content-layout-column\"><style type=\"text\/css\">#accordian-1 .fusion-panel:hover,#accordian-1 .fusion-panel.hover{ background-color: var(--awb-color2) } #accordian-1 .fusion-panel { border-color:var(--awb-color3); border-width:1px; background-color:var(--awb-color1); }.fusion-accordian #accordian-1 .panel-title a .fa-fusion-box:before{ font-size: 16px;width: 16px;}.fusion-accordian #accordian-1 .panel-title a .fa-fusion-box{ color: var(--awb-color1);}.fusion-accordian  #accordian-1 .panel-title a{font-family:var(--awb-typography1-font-family);font-weight:var(--awb-typography1-font-weight);font-style:var(--awb-typography1-font-style);}.fusion-accordian  #accordian-1 .panel-title a:not(:hover){}.fusion-accordian  #accordian-1 .toggle-content{font-family:var(--awb-typography4-font-family);font-weight:var(--awb-typography4-font-weight);font-style:var(--awb-typography4-font-style);}.fusion-accordian #accordian-1 .fa-fusion-box { background-color: var(--awb-color7) !important;border-color: var(--awb-color7) !important;}.fusion-accordian #accordian-1 .panel-title a:hover,.fusion-accordian #accordian-1 .panel-title a.hover { color: var(--awb-color5);}.fusion-faq-shortcode .fusion-accordian #accordian-1 .fusion-toggle-boxed-mode:hover .panel-title a { color: var(--awb-color5);}.fusion-accordian #accordian-1 .panel-title a:hover .fa-fusion-box,.fusion-accordian #accordian-1 .panel-title a.hover .fa-fusion-box { background-color: var(--awb-color5)!important;border-color: var(--awb-color5)!important;}.fusion-faqs-wrapper .fusion-accordian #accordian-1 .panel-title a.active{ color: var(--awb-color5) !important;}.fusion-faqs-wrapper .fusion-accordian #accordian-1 .panel-title .active .fa-fusion-box { background-color: var(--awb-color5)!important;border-color: var(--awb-color5)!important;}<\/style><div class=\"fusion-faq-shortcode\" style=\"\"><div class=\"fusion-faqs-wrapper\"><div class=\"accordian fusion-accordian\"><div class=\"panel-group \" id=\"accordian-1\"><div class=\"fusion-panel fusion-toggle-no-divider fusion-toggle-boxed-mode panel-default fusion-faq-post fusion-faq-post-2206 \"><span class=\"entry-title rich-snippet-hidden\">\u00bfC\u00f3mo puedo contactar con Forestal Ponent?<\/span><span class=\"vcard rich-snippet-hidden\"><span class=\"fn\"><a href=\"https:\/\/forestalponent.com\/es\/author\/angel_ot0vbmbc\/\" title=\"Entradas de admin\" rel=\"author\">admin<\/a><\/span><\/span><span class=\"updated rich-snippet-hidden\">2025-12-30T12:50:11+01:00<\/span><div class=\"panel-heading\"><h2 id=\"faq_1-2206\" class=\"panel-title toggle\"><a data-toggle=\"collapse\" class=\"collapsed\" data-parent=\"#accordian-1\" data-target=\"#collapse-1-2206\" href=\"#collapse-1-2206\" aria-expanded=\"false\"><div class=\"fusion-toggle-icon-wrapper\"><div class=\"fusion-toggle-icon-wrapper-main\"><div class=\"fusion-toggle-icon-wrapper-sub\"><i class=\"fa-fusion-box active-icon awb-icon-minus\" aria-hidden=\"true\"><\/i><i class=\"fa-fusion-box inactive-icon awb-icon-plus\" aria-hidden=\"true\"><\/i><\/div><\/div><\/div><div class=\"fusion-toggle-heading\">\u00bfC\u00f3mo puedo contactar con Forestal Ponent?<\/div><\/a><\/h2><\/div><div id=\"collapse-1-2206\" aria-labelledby=\"faq_1-2206\" class=\"panel-collapse collapse\"><div class=\"panel-body toggle-content post-content\"><p>Puede contactar con nosotros a trav\u00e9s del formulario web, por correo electr\u00f3nico o por tel\u00e9fono. Estaremos encantados de atenderle.<\/p>\n<\/div><\/div><\/div><div class=\"fusion-panel fusion-toggle-no-divider fusion-toggle-boxed-mode panel-default fusion-faq-post fusion-faq-post-2207 \"><span class=\"entry-title rich-snippet-hidden\">\u00bfC\u00f3mo puedo saber qu\u00e9 servicio necesito?<\/span><span class=\"vcard rich-snippet-hidden\"><span class=\"fn\"><a href=\"https:\/\/forestalponent.com\/es\/author\/angel_ot0vbmbc\/\" title=\"Entradas de admin\" rel=\"author\">admin<\/a><\/span><\/span><span class=\"updated rich-snippet-hidden\">2025-12-30T12:49:58+01:00<\/span><div class=\"panel-heading\"><h2 id=\"faq_1-2207\" class=\"panel-title toggle\"><a data-toggle=\"collapse\" class=\"collapsed\" data-parent=\"#accordian-1\" data-target=\"#collapse-1-2207\" href=\"#collapse-1-2207\" aria-expanded=\"false\"><div class=\"fusion-toggle-icon-wrapper\"><div class=\"fusion-toggle-icon-wrapper-main\"><div class=\"fusion-toggle-icon-wrapper-sub\"><i class=\"fa-fusion-box active-icon awb-icon-minus\" aria-hidden=\"true\"><\/i><i class=\"fa-fusion-box inactive-icon awb-icon-plus\" aria-hidden=\"true\"><\/i><\/div><\/div><\/div><div class=\"fusion-toggle-heading\">\u00bfC\u00f3mo puedo saber qu\u00e9 servicio necesito?<\/div><\/a><\/h2><\/div><div id=\"collapse-1-2207\" aria-labelledby=\"faq_1-2207\" class=\"panel-collapse collapse\"><div class=\"panel-body toggle-content post-content\"><p>Puedes contactar con nosotros y analizaremos tu caso de manera personalizada para ofrecerte la mejor soluci\u00f3n.<\/p>\n<\/div><\/div><\/div><div class=\"fusion-panel fusion-toggle-no-divider fusion-toggle-boxed-mode panel-default fusion-faq-post fusion-faq-post-2208 \"><span class=\"entry-title rich-snippet-hidden\">\u00bfRealizan valoraciones de fincas forestales?<\/span><span class=\"vcard rich-snippet-hidden\"><span class=\"fn\"><a href=\"https:\/\/forestalponent.com\/es\/author\/angel_ot0vbmbc\/\" title=\"Entradas de admin\" rel=\"author\">admin<\/a><\/span><\/span><span class=\"updated rich-snippet-hidden\">2025-12-30T12:49:48+01:00<\/span><div class=\"panel-heading\"><h2 id=\"faq_1-2208\" class=\"panel-title toggle\"><a data-toggle=\"collapse\" class=\"collapsed\" data-parent=\"#accordian-1\" data-target=\"#collapse-1-2208\" href=\"#collapse-1-2208\" aria-expanded=\"false\"><div class=\"fusion-toggle-icon-wrapper\"><div class=\"fusion-toggle-icon-wrapper-main\"><div class=\"fusion-toggle-icon-wrapper-sub\"><i class=\"fa-fusion-box active-icon awb-icon-minus\" aria-hidden=\"true\"><\/i><i class=\"fa-fusion-box inactive-icon awb-icon-plus\" aria-hidden=\"true\"><\/i><\/div><\/div><\/div><div class=\"fusion-toggle-heading\">\u00bfRealizan valoraciones de fincas forestales?<\/div><\/a><\/h2><\/div><div id=\"collapse-1-2208\" aria-labelledby=\"faq_1-2208\" class=\"panel-collapse collapse\"><div class=\"panel-body toggle-content post-content\"><p>S\u00ed, realizamos valoraciones t\u00e9cnicas para ayudar a tomar decisiones de gesti\u00f3n o inversi\u00f3n.<\/p>\n<\/div><\/div><\/div><div class=\"fusion-panel fusion-toggle-no-divider fusion-toggle-boxed-mode panel-default fusion-faq-post fusion-faq-post-2209 \"><span class=\"entry-title rich-snippet-hidden\">\u00bfPueden asesorar en prevenci\u00f3n de incendios forestales?<\/span><span class=\"vcard rich-snippet-hidden\"><span class=\"fn\"><a href=\"https:\/\/forestalponent.com\/es\/author\/angel_ot0vbmbc\/\" title=\"Entradas de admin\" rel=\"author\">admin<\/a><\/span><\/span><span class=\"updated rich-snippet-hidden\">2025-12-30T12:49:36+01:00<\/span><div class=\"panel-heading\"><h2 id=\"faq_1-2209\" class=\"panel-title toggle\"><a data-toggle=\"collapse\" class=\"collapsed\" data-parent=\"#accordian-1\" data-target=\"#collapse-1-2209\" href=\"#collapse-1-2209\" aria-expanded=\"false\"><div class=\"fusion-toggle-icon-wrapper\"><div class=\"fusion-toggle-icon-wrapper-main\"><div class=\"fusion-toggle-icon-wrapper-sub\"><i class=\"fa-fusion-box active-icon awb-icon-minus\" aria-hidden=\"true\"><\/i><i class=\"fa-fusion-box inactive-icon awb-icon-plus\" aria-hidden=\"true\"><\/i><\/div><\/div><\/div><div class=\"fusion-toggle-heading\">\u00bfPueden asesorar en prevenci\u00f3n de incendios forestales?<\/div><\/a><\/h2><\/div><div id=\"collapse-1-2209\" aria-labelledby=\"faq_1-2209\" class=\"panel-collapse collapse\"><div class=\"panel-body toggle-content post-content\"><p>S\u00ed, la gesti\u00f3n forestal activa es clave para reducir el riesgo de incendios y forma parte de nuestro asesoramiento t\u00e9cnico.<\/p>\n<\/div><\/div><\/div><div class=\"fusion-panel fusion-toggle-no-divider fusion-toggle-boxed-mode panel-default fusion-faq-post fusion-faq-post-2210 \"><span class=\"entry-title rich-snippet-hidden\">\u00bfRealizan estudios e informes t\u00e9cnicos?<\/span><span class=\"vcard rich-snippet-hidden\"><span class=\"fn\"><a href=\"https:\/\/forestalponent.com\/es\/author\/angel_ot0vbmbc\/\" title=\"Entradas de admin\" rel=\"author\">admin<\/a><\/span><\/span><span class=\"updated rich-snippet-hidden\">2025-12-30T12:49:26+01:00<\/span><div class=\"panel-heading\"><h2 id=\"faq_1-2210\" class=\"panel-title toggle\"><a data-toggle=\"collapse\" class=\"collapsed\" data-parent=\"#accordian-1\" data-target=\"#collapse-1-2210\" href=\"#collapse-1-2210\" aria-expanded=\"false\"><div class=\"fusion-toggle-icon-wrapper\"><div class=\"fusion-toggle-icon-wrapper-main\"><div class=\"fusion-toggle-icon-wrapper-sub\"><i class=\"fa-fusion-box active-icon awb-icon-minus\" aria-hidden=\"true\"><\/i><i class=\"fa-fusion-box inactive-icon awb-icon-plus\" aria-hidden=\"true\"><\/i><\/div><\/div><\/div><div class=\"fusion-toggle-heading\">\u00bfRealizan estudios e informes t\u00e9cnicos?<\/div><\/a><\/h2><\/div><div id=\"collapse-1-2210\" aria-labelledby=\"faq_1-2210\" class=\"panel-collapse collapse\"><div class=\"panel-body toggle-content post-content\"><p>S\u00ed, elaboramos estudios forestales, ambientales e informes t\u00e9cnicos adaptados a cada necesidad.<\/p>\n<\/div><\/div><\/div><div class=\"fusion-panel fusion-toggle-no-divider fusion-toggle-boxed-mode panel-default fusion-faq-post fusion-faq-post-2211 \"><span class=\"entry-title rich-snippet-hidden\">\u00bfEs obligatoria la certificaci\u00f3n forestal?<\/span><span class=\"vcard rich-snippet-hidden\"><span class=\"fn\"><a href=\"https:\/\/forestalponent.com\/es\/author\/angel_ot0vbmbc\/\" title=\"Entradas de admin\" rel=\"author\">admin<\/a><\/span><\/span><span class=\"updated rich-snippet-hidden\">2025-12-30T12:49:15+01:00<\/span><div class=\"panel-heading\"><h2 id=\"faq_1-2211\" class=\"panel-title toggle\"><a data-toggle=\"collapse\" class=\"collapsed\" data-parent=\"#accordian-1\" data-target=\"#collapse-1-2211\" href=\"#collapse-1-2211\" aria-expanded=\"false\"><div class=\"fusion-toggle-icon-wrapper\"><div class=\"fusion-toggle-icon-wrapper-main\"><div class=\"fusion-toggle-icon-wrapper-sub\"><i class=\"fa-fusion-box active-icon awb-icon-minus\" aria-hidden=\"true\"><\/i><i class=\"fa-fusion-box inactive-icon awb-icon-plus\" aria-hidden=\"true\"><\/i><\/div><\/div><\/div><div class=\"fusion-toggle-heading\">\u00bfEs obligatoria la certificaci\u00f3n forestal?<\/div><\/a><\/h2><\/div><div id=\"collapse-1-2211\" aria-labelledby=\"faq_1-2211\" class=\"panel-collapse collapse\"><div class=\"panel-body toggle-content post-content\"><p>No es obligatoria, pero aporta valor a\u00f1adido a la finca y puede facilitar el acceso a determinados mercados o ayudas.<\/p>\n<\/div><\/div><\/div><div class=\"fusion-panel fusion-toggle-no-divider fusion-toggle-boxed-mode panel-default fusion-faq-post fusion-faq-post-2212 \"><span class=\"entry-title rich-snippet-hidden\">\u00bfQu\u00e9 es la certificaci\u00f3n forestal?<\/span><span class=\"vcard rich-snippet-hidden\"><span class=\"fn\"><a href=\"https:\/\/forestalponent.com\/es\/author\/angel_ot0vbmbc\/\" title=\"Entradas de admin\" rel=\"author\">admin<\/a><\/span><\/span><span class=\"updated rich-snippet-hidden\">2025-12-30T12:48:47+01:00<\/span><div class=\"panel-heading\"><h2 id=\"faq_1-2212\" class=\"panel-title toggle\"><a data-toggle=\"collapse\" class=\"collapsed\" data-parent=\"#accordian-1\" data-target=\"#collapse-1-2212\" href=\"#collapse-1-2212\" aria-expanded=\"false\"><div class=\"fusion-toggle-icon-wrapper\"><div class=\"fusion-toggle-icon-wrapper-main\"><div class=\"fusion-toggle-icon-wrapper-sub\"><i class=\"fa-fusion-box active-icon awb-icon-minus\" aria-hidden=\"true\"><\/i><i class=\"fa-fusion-box inactive-icon awb-icon-plus\" aria-hidden=\"true\"><\/i><\/div><\/div><\/div><div class=\"fusion-toggle-heading\">\u00bfQu\u00e9 es la certificaci\u00f3n forestal?<\/div><\/a><\/h2><\/div><div id=\"collapse-1-2212\" aria-labelledby=\"faq_1-2212\" class=\"panel-collapse collapse\"><div class=\"panel-body toggle-content post-content\"><p>Es un sistema que acredita que la gesti\u00f3n de un bosque se realiza de manera sostenible, responsable y conforme a unos est\u00e1ndares reconocidos.<\/p>\n<\/div><\/div><\/div><div class=\"fusion-panel fusion-toggle-no-divider fusion-toggle-boxed-mode panel-default fusion-faq-post fusion-faq-post-2213 \"><span class=\"entry-title rich-snippet-hidden\">\u00bfGestiona ayudas y subvenciones forestales?<\/span><span class=\"vcard rich-snippet-hidden\"><span class=\"fn\"><a href=\"https:\/\/forestalponent.com\/es\/author\/angel_ot0vbmbc\/\" title=\"Entradas de admin\" rel=\"author\">admin<\/a><\/span><\/span><span class=\"updated rich-snippet-hidden\">2025-12-30T12:48:34+01:00<\/span><div class=\"panel-heading\"><h2 id=\"faq_1-2213\" class=\"panel-title toggle\"><a data-toggle=\"collapse\" class=\"collapsed\" data-parent=\"#accordian-1\" data-target=\"#collapse-1-2213\" href=\"#collapse-1-2213\" aria-expanded=\"false\"><div class=\"fusion-toggle-icon-wrapper\"><div class=\"fusion-toggle-icon-wrapper-main\"><div class=\"fusion-toggle-icon-wrapper-sub\"><i class=\"fa-fusion-box active-icon awb-icon-minus\" aria-hidden=\"true\"><\/i><i class=\"fa-fusion-box inactive-icon awb-icon-plus\" aria-hidden=\"true\"><\/i><\/div><\/div><\/div><div class=\"fusion-toggle-heading\">\u00bfGestiona ayudas y subvenciones forestales?<\/div><\/a><\/h2><\/div><div id=\"collapse-1-2213\" aria-labelledby=\"faq_1-2213\" class=\"panel-collapse collapse\"><div class=\"panel-body toggle-content post-content\"><p>S\u00ed, asesoramos sobre las convocatorias disponibles y gestionamos todo el proceso de solicitud y seguimiento.<\/p>\n<\/div><\/div><\/div><div class=\"fusion-panel fusion-toggle-no-divider fusion-toggle-boxed-mode panel-default fusion-faq-post fusion-faq-post-2214 \"><span class=\"entry-title rich-snippet-hidden\">\u00bfAyuda con la tramitaci\u00f3n administrativa forestal?<\/span><span class=\"vcard rich-snippet-hidden\"><span class=\"fn\"><a href=\"https:\/\/forestalponent.com\/es\/author\/angel_ot0vbmbc\/\" title=\"Entradas de admin\" rel=\"author\">admin<\/a><\/span><\/span><span class=\"updated rich-snippet-hidden\">2025-12-30T12:48:20+01:00<\/span><div class=\"panel-heading\"><h2 id=\"faq_1-2214\" class=\"panel-title toggle\"><a data-toggle=\"collapse\" class=\"collapsed\" data-parent=\"#accordian-1\" data-target=\"#collapse-1-2214\" href=\"#collapse-1-2214\" aria-expanded=\"false\"><div class=\"fusion-toggle-icon-wrapper\"><div class=\"fusion-toggle-icon-wrapper-main\"><div class=\"fusion-toggle-icon-wrapper-sub\"><i class=\"fa-fusion-box active-icon awb-icon-minus\" aria-hidden=\"true\"><\/i><i class=\"fa-fusion-box inactive-icon awb-icon-plus\" aria-hidden=\"true\"><\/i><\/div><\/div><\/div><div class=\"fusion-toggle-heading\">\u00bfAyuda con la tramitaci\u00f3n administrativa forestal?<\/div><\/a><\/h2><\/div><div id=\"collapse-1-2214\" aria-labelledby=\"faq_1-2214\" class=\"panel-collapse collapse\"><div class=\"panel-body toggle-content post-content\"><p>S\u00ed, ofrecemos soporte completo en tramitaciones, informes y gestiones ante la administraci\u00f3n.<\/p>\n<\/div><\/div><\/div><div class=\"fusion-panel fusion-toggle-no-divider fusion-toggle-boxed-mode panel-default fusion-faq-post fusion-faq-post-2215 \"><span class=\"entry-title rich-snippet-hidden\">\u00bfQu\u00e9 incluye la direcci\u00f3n de obras forestales?<\/span><span class=\"vcard rich-snippet-hidden\"><span class=\"fn\"><a href=\"https:\/\/forestalponent.com\/es\/author\/angel_ot0vbmbc\/\" title=\"Entradas de admin\" rel=\"author\">admin<\/a><\/span><\/span><span class=\"updated rich-snippet-hidden\">2025-12-30T12:48:08+01:00<\/span><div class=\"panel-heading\"><h2 id=\"faq_1-2215\" class=\"panel-title toggle\"><a data-toggle=\"collapse\" class=\"collapsed\" data-parent=\"#accordian-1\" data-target=\"#collapse-1-2215\" href=\"#collapse-1-2215\" aria-expanded=\"false\"><div class=\"fusion-toggle-icon-wrapper\"><div class=\"fusion-toggle-icon-wrapper-main\"><div class=\"fusion-toggle-icon-wrapper-sub\"><i class=\"fa-fusion-box active-icon awb-icon-minus\" aria-hidden=\"true\"><\/i><i class=\"fa-fusion-box inactive-icon awb-icon-plus\" aria-hidden=\"true\"><\/i><\/div><\/div><\/div><div class=\"fusion-toggle-heading\">\u00bfQu\u00e9 incluye la direcci\u00f3n de obras forestales?<\/div><\/a><\/h2><\/div><div id=\"collapse-1-2215\" aria-labelledby=\"faq_1-2215\" class=\"panel-collapse collapse\"><div class=\"panel-body toggle-content post-content\"><p>Incluye la supervisi\u00f3n t\u00e9cnica de los trabajos, el control de la correcta ejecuci\u00f3n y la coordinaci\u00f3n de seguridad y salud laboral.<\/p>\n<\/div><\/div><\/div><\/div><\/div><\/div><\/div><\/div><\/div><\/div><\/div>\n","protected":false},"excerpt":{"rendered":"","protected":false},"author":1,"featured_media":0,"parent":0,"menu_order":0,"comment_status":"closed","ping_status":"open","template":"","meta":{"footnotes":""},"class_list":["post-2177","page","type-page","status-publish","hentry"],"yoast_head":"<!-- This site is optimized with the Yoast SEO plugin v26.6 - https:\/\/yoast.com\/wordpress\/plugins\/seo\/ -->\n<title>Preguntas frecuentes - FORESTAL PONENT<\/title>\n<meta name=\"robots\" content=\"index, follow, max-snippet:-1, max-image-preview:large, max-video-preview:-1\" \/>\n<link rel=\"canonical\" href=\"https:\/\/forestalponent.com\/es\/preguntas-frecuentes\/\" \/>\n<meta property=\"og:locale\" content=\"es_ES\" \/>\n<meta property=\"og:type\" content=\"article\" \/>\n<meta property=\"og:title\" content=\"Preguntas frecuentes - FORESTAL PONENT\" \/>\n<meta property=\"og:url\" content=\"https:\/\/forestalponent.com\/es\/preguntas-frecuentes\/\" \/>\n<meta property=\"og:site_name\" content=\"FORESTAL PONENT\" \/>\n<meta property=\"article:modified_time\" content=\"2025-12-30T12:34:14+00:00\" \/>\n<meta name=\"twitter:card\" content=\"summary_large_image\" \/>\n<meta name=\"twitter:label1\" content=\"Tiempo de lectura\" \/>\n\t<meta name=\"twitter:data1\" content=\"2 minutos\" \/>\n<script type=\"application\/ld+json\" class=\"yoast-schema-graph\">{\"@context\":\"https:\/\/schema.org\",\"@graph\":[{\"@type\":\"WebPage\",\"@id\":\"https:\/\/forestalponent.com\/es\/preguntas-frecuentes\/\",\"url\":\"https:\/\/forestalponent.com\/es\/preguntas-frecuentes\/\",\"name\":\"Preguntas frecuentes - FORESTAL PONENT\",\"isPartOf\":{\"@id\":\"https:\/\/forestalponent.com\/es\/#website\"},\"datePublished\":\"2025-12-11T16:46:48+00:00\",\"dateModified\":\"2025-12-30T12:34:14+00:00\",\"breadcrumb\":{\"@id\":\"https:\/\/forestalponent.com\/es\/preguntas-frecuentes\/#breadcrumb\"},\"inLanguage\":\"es\",\"potentialAction\":[{\"@type\":\"ReadAction\",\"target\":[\"https:\/\/forestalponent.com\/es\/preguntas-frecuentes\/\"]}]},{\"@type\":\"BreadcrumbList\",\"@id\":\"https:\/\/forestalponent.com\/es\/preguntas-frecuentes\/#breadcrumb\",\"itemListElement\":[{\"@type\":\"ListItem\",\"position\":1,\"name\":\"Portada\",\"item\":\"https:\/\/forestalponent.com\/es\/forestal-ponent-ingenieria-forestal\/\"},{\"@type\":\"ListItem\",\"position\":2,\"name\":\"Preguntas frecuentes\"}]},{\"@type\":\"WebSite\",\"@id\":\"https:\/\/forestalponent.com\/es\/#website\",\"url\":\"https:\/\/forestalponent.com\/es\/\",\"name\":\"FORESTAL PONENT\",\"description\":\"Serveis d&#039;Enginyeria Forestal\",\"potentialAction\":[{\"@type\":\"SearchAction\",\"target\":{\"@type\":\"EntryPoint\",\"urlTemplate\":\"https:\/\/forestalponent.com\/es\/?s={search_term_string}\"},\"query-input\":{\"@type\":\"PropertyValueSpecification\",\"valueRequired\":true,\"valueName\":\"search_term_string\"}}],\"inLanguage\":\"es\"}]}<\/script>\n<!-- \/ Yoast SEO plugin. -->","yoast_head_json":{"title":"Preguntas frecuentes - FORESTAL PONENT","robots":{"index":"index","follow":"follow","max-snippet":"max-snippet:-1","max-image-preview":"max-image-preview:large","max-video-preview":"max-video-preview:-1"},"canonical":"https:\/\/forestalponent.com\/es\/preguntas-frecuentes\/","og_locale":"es_ES","og_type":"article","og_title":"Preguntas frecuentes - FORESTAL PONENT","og_url":"https:\/\/forestalponent.com\/es\/preguntas-frecuentes\/","og_site_name":"FORESTAL PONENT","article_modified_time":"2025-12-30T12:34:14+00:00","twitter_card":"summary_large_image","twitter_misc":{"Tiempo de lectura":"2 minutos"},"schema":{"@context":"https:\/\/schema.org","@graph":[{"@type":"WebPage","@id":"https:\/\/forestalponent.com\/es\/preguntas-frecuentes\/","url":"https:\/\/forestalponent.com\/es\/preguntas-frecuentes\/","name":"Preguntas frecuentes - FORESTAL PONENT","isPartOf":{"@id":"https:\/\/forestalponent.com\/es\/#website"},"datePublished":"2025-12-11T16:46:48+00:00","dateModified":"2025-12-30T12:34:14+00:00","breadcrumb":{"@id":"https:\/\/forestalponent.com\/es\/preguntas-frecuentes\/#breadcrumb"},"inLanguage":"es","potentialAction":[{"@type":"ReadAction","target":["https:\/\/forestalponent.com\/es\/preguntas-frecuentes\/"]}]},{"@type":"BreadcrumbList","@id":"https:\/\/forestalponent.com\/es\/preguntas-frecuentes\/#breadcrumb","itemListElement":[{"@type":"ListItem","position":1,"name":"Portada","item":"https:\/\/forestalponent.com\/es\/forestal-ponent-ingenieria-forestal\/"},{"@type":"ListItem","position":2,"name":"Preguntas frecuentes"}]},{"@type":"WebSite","@id":"https:\/\/forestalponent.com\/es\/#website","url":"https:\/\/forestalponent.com\/es\/","name":"FORESTAL PONENT","description":"Serveis d&#039;Enginyeria Forestal","potentialAction":[{"@type":"SearchAction","target":{"@type":"EntryPoint","urlTemplate":"https:\/\/forestalponent.com\/es\/?s={search_term_string}"},"query-input":{"@type":"PropertyValueSpecification","valueRequired":true,"valueName":"search_term_string"}}],"inLanguage":"es"}]}},"_links":{"self":[{"href":"https:\/\/forestalponent.com\/es\/wp-json\/wp\/v2\/pages\/2177","targetHints":{"allow":["GET"]}}],"collection":[{"href":"https:\/\/forestalponent.com\/es\/wp-json\/wp\/v2\/pages"}],"about":[{"href":"https:\/\/forestalponent.com\/es\/wp-json\/wp\/v2\/types\/page"}],"author":[{"embeddable":true,"href":"https:\/\/forestalponent.com\/es\/wp-json\/wp\/v2\/users\/1"}],"replies":[{"embeddable":true,"href":"https:\/\/forestalponent.com\/es\/wp-json\/wp\/v2\/comments?post=2177"}],"version-history":[{"count":1,"href":"https:\/\/forestalponent.com\/es\/wp-json\/wp\/v2\/pages\/2177\/revisions"}],"predecessor-version":[{"id":2178,"href":"https:\/\/forestalponent.com\/es\/wp-json\/wp\/v2\/pages\/2177\/revisions\/2178"}],"wp:attachment":[{"href":"https:\/\/forestalponent.com\/es\/wp-json\/wp\/v2\/media?parent=2177"}],"curies":[{"name":"wp","href":"https:\/\/api.w.org\/{rel}","templated":true}]}}